{"id":32590,"date":"2021-11-05T10:43:08","date_gmt":"2021-11-05T09:43:08","guid":{"rendered":"https:\/\/stadcompaniet.se\/malmo\/?page_id=32590"},"modified":"2024-06-04T11:18:51","modified_gmt":"2024-06-04T09:18:51","slug":"prisgaranti","status":"publish","type":"page","link":"https:\/\/www.stadcompaniet.se\/stockholm\/prisgaranti\/","title":{"rendered":"Prisgaranti"},"content":{"rendered":"\n[et_pb_section fb_built=&#8221;1&#8243; _builder_version=&#8221;4.23.1&#8243; _module_preset=&#8221;df85da34-3d20-462f-a737-a4ca3f755f72&#8243; bottom_divider_color=&#8221;#FFFFFF&#8221; hover_enabled=&#8221;0&#8243; global_colors_info=&#8221;{}&#8221; title_text=&#8221;Pears in bowl on modern table&#8221; background_image=&#8221;https:\/\/stadcompaniet.se\/malmo\/wp-content\/uploads\/sites\/52\/2023\/11\/Kontakta-oss.jpg&#8221; sticky_enabled=&#8221;0&#8243;][et_pb_row _builder_version=&#8221;4.23.1&#8243; _module_preset=&#8221;5aad9bbc-600c-4a2f-bf97-e92dbb28f5cb&#8221; global_colors_info=&#8221;{}&#8221;][et_pb_column type=&#8221;4_4&#8243; _builder_version=&#8221;4.23.1&#8243; _module_preset=&#8221;default&#8221; global_colors_info=&#8221;{}&#8221;][et_pb_text admin_label=&#8221;Title&#8221; _builder_version=&#8221;4.23.1&#8243; _module_preset=&#8221;9bb8271f-80e7-4d24-a555-79c1876f56e8&#8243; global_colors_info=&#8221;%91%93&#8243;]<h1>Prisgaranti<\/h1>[\/et_pb_text][\/et_pb_column][\/et_pb_row][\/et_pb_section][et_pb_section fb_built=&#8221;1&#8243; _builder_version=&#8221;4.23.1&#8243; _module_preset=&#8221;default&#8221; global_colors_info=&#8221;{}&#8221;][et_pb_row _builder_version=&#8221;4.23.1&#8243; _module_preset=&#8221;default&#8221; global_colors_info=&#8221;{}&#8221;][et_pb_column type=&#8221;4_4&#8243; _builder_version=&#8221;4.23.1&#8243; _module_preset=&#8221;default&#8221; global_colors_info=&#8221;{}&#8221;][et_pb_text _builder_version=&#8221;4.23.1&#8243; _module_preset=&#8221;2d02feba-a540-4354-9700-5a4f47f5b003&#8243; global_colors_info=&#8221;{}&#8221;]<p>Att erbjuda kvalitetstj\u00e4nster till r\u00e4tt pris \u00e4r viktigt f\u00f6r oss, d\u00e4rf\u00f6r har vi prisgaranti. Det betyder att om du inom 7 dagar hittar samma tj\u00e4nst till ett l\u00e4gre pris hos n\u00e5got annat bolag betalar vi tillbaka mellanskillnaden plus 10 %. Vet du redan n\u00e4r du ska boka hos oss att ett annat bolag har samma tj\u00e4nst till ett l\u00e4gre pris s\u00e5 matchar vi sj\u00e4lvklart det priset. Hos oss kan du d\u00e4rmed alltid k\u00e4nna dig s\u00e4ker och trygg med att du f\u00e5r b\u00e4sta pris och service n\u00e4r du anlitar oss.<\/p>\n<p><b>Villkor:<\/b><\/p>\n<ul>\n<li>Prisgarantin g\u00e4ller 7 dagar efter slutf\u00f6rd bokning<\/li>\n<li>Omfattar endast tj\u00e4nsten \u201dflyttst\u00e4dning\u201d som bokas genom\u00a0 www.stadcompaniet.se<\/li>\n<li>Tj\u00e4nsten m\u00e5ste vara fr\u00e5n ett bolag med likv\u00e4rda arbetsvillkor samt innehar kollektivavtal<\/li>\n<li>G\u00e4ller endast konsumenter ber\u00e4ttigade Rut-Avdrag<\/li>\n<li>Prisskillnader m\u00e5ste inkludera alla till\u00e4mpliga avgifter, inklusive f\u00f6nsterputsning ut\/in samt mellan, fakturaavgift, framk\u00f6rningsavgift, material, ingrodd smuts, kalk, moms, etc.<\/li>\n<li>Ers\u00e4ttning utbetalas genom Swish\/konto\u00f6verf\u00f6ring (EJ KONTANT) efter slutbetalning samt beslut fr\u00e5n Skatteverket<\/li>\n<li>Tj\u00e4nsten omfattas inte av garantin om priset understiger v\u00e5r anskaffningskostnad vid eventuella erbjudande<\/li>\n<li>St\u00e4dCompaniet f\u00f6rbeh\u00e5ller sig r\u00e4tten att bed\u00f6ma n\u00e4r dessa villkor \u00e4r uppfyllda<\/li>\n<\/ul>[\/et_pb_text][\/et_pb_column][\/et_pb_row][\/et_pb_section]\n","protected":false},"excerpt":{"rendered":"<p>PrisgarantiAtt erbjuda kvalitetstj\u00e4nster till r\u00e4tt pris \u00e4r viktigt f\u00f6r oss, d\u00e4rf\u00f6r har vi prisgaranti. Det betyder att om du inom 7 dagar hittar samma tj\u00e4nst till ett l\u00e4gre pris hos n\u00e5got annat bolag betalar vi tillbaka mellanskillnaden plus 10 %. Vet du redan n\u00e4r du ska boka hos oss att ett annat bolag har samma [&hellip;]<\/p>\n","protected":false},"author":6,"featured_media":0,"parent":0,"menu_order":0,"comment_status":"closed","ping_status":"closed","template":"","meta":{"_et_pb_use_builder":"on","_et_pb_old_content":"","_et_gb_content_width":"","footnotes":""},"class_list":["post-32590","page","type-page","status-publish","hentry"],"yoast_head":"<!-- This site is optimized with the Yoast SEO plugin v27.2 - https:\/\/yoast.com\/product\/yoast-seo-wordpress\/ -->\n<title>Prisgaranti p\u00e5 flyttst\u00e4d - St\u00e4dcompaniet<\/title>\n<meta name=\"description\" content=\"Vi erbjuder alltid v\u00e5ra kvalitetstj\u00e4nster med en prisgaranti p\u00e5 flyttst\u00e4dning. Vi p\u00e5 st\u00e4dcompaniet har flyttst\u00e4dning i hela Sverige. V\u00e4lkomna\" \/>\n<meta name=\"robots\" content=\"index, follow, max-snippet:-1, max-image-preview:large, max-video-preview:-1\" \/>\n<link rel=\"canonical\" href=\"https:\/\/www.stadcompaniet.se\/stockholm\/prisgaranti\/\" \/>\n<meta property=\"og:locale\" content=\"sv_SE\" \/>\n<meta property=\"og:type\" content=\"article\" \/>\n<meta property=\"og:title\" content=\"Prisgaranti p\u00e5 flyttst\u00e4d - St\u00e4dcompaniet\" \/>\n<meta property=\"og:description\" content=\"Vi erbjuder alltid v\u00e5ra kvalitetstj\u00e4nster med en prisgaranti p\u00e5 flyttst\u00e4dning. Vi p\u00e5 st\u00e4dcompaniet har flyttst\u00e4dning i hela Sverige. V\u00e4lkomna\" \/>\n<meta property=\"og:url\" content=\"https:\/\/www.stadcompaniet.se\/stockholm\/prisgaranti\/\" \/>\n<meta property=\"og:site_name\" content=\"St\u00e4dcompaniet Stockholm\" \/>\n<meta property=\"article:modified_time\" content=\"2024-06-04T09:18:51+00:00\" \/>\n<meta name=\"twitter:card\" content=\"summary_large_image\" \/>\n<meta name=\"twitter:label1\" content=\"Ber\u00e4knad l\u00e4stid\" \/>\n\t<meta name=\"twitter:data1\" content=\"1 minut\" \/>\n<script type=\"application\/ld+json\" class=\"yoast-schema-graph\">{\"@context\":\"https:\/\/schema.org\",\"@graph\":[{\"@type\":\"WebPage\",\"@id\":\"https:\/\/www.stadcompaniet.se\/stockholm\/prisgaranti\/\",\"url\":\"https:\/\/www.stadcompaniet.se\/stockholm\/prisgaranti\/\",\"name\":\"Prisgaranti p\u00e5 flyttst\u00e4d - St\u00e4dcompaniet\",\"isPartOf\":{\"@id\":\"https:\/\/www.stadcompaniet.se\/stockholm\/#website\"},\"datePublished\":\"2021-11-05T09:43:08+00:00\",\"dateModified\":\"2024-06-04T09:18:51+00:00\",\"description\":\"Vi erbjuder alltid v\u00e5ra kvalitetstj\u00e4nster med en prisgaranti p\u00e5 flyttst\u00e4dning. Vi p\u00e5 st\u00e4dcompaniet har flyttst\u00e4dning i hela Sverige. V\u00e4lkomna\",\"breadcrumb\":{\"@id\":\"https:\/\/www.stadcompaniet.se\/stockholm\/prisgaranti\/#breadcrumb\"},\"inLanguage\":\"sv-SE\",\"potentialAction\":[{\"@type\":\"ReadAction\",\"target\":[\"https:\/\/www.stadcompaniet.se\/stockholm\/prisgaranti\/\"]}]},{\"@type\":\"BreadcrumbList\",\"@id\":\"https:\/\/www.stadcompaniet.se\/stockholm\/prisgaranti\/#breadcrumb\",\"itemListElement\":[{\"@type\":\"ListItem\",\"position\":1,\"name\":\"Home\",\"item\":\"https:\/\/www.stadcompaniet.se\/stockholm\/\"},{\"@type\":\"ListItem\",\"position\":2,\"name\":\"Prisgaranti\"}]},{\"@type\":\"WebSite\",\"@id\":\"https:\/\/www.stadcompaniet.se\/stockholm\/#website\",\"url\":\"https:\/\/www.stadcompaniet.se\/stockholm\/\",\"name\":\"St\u00e4dcompaniet Stockholm\",\"description\":\"Din St\u00e4dfirma i Malm\u00f6 &amp; Lund\",\"potentialAction\":[{\"@type\":\"SearchAction\",\"target\":{\"@type\":\"EntryPoint\",\"urlTemplate\":\"https:\/\/www.stadcompaniet.se\/stockholm\/?s={search_term_string}\"},\"query-input\":{\"@type\":\"PropertyValueSpecification\",\"valueRequired\":true,\"valueName\":\"search_term_string\"}}],\"inLanguage\":\"sv-SE\"}]}<\/script>\n<!-- \/ Yoast SEO plugin. -->","yoast_head_json":{"title":"Prisgaranti p\u00e5 flyttst\u00e4d - St\u00e4dcompaniet","description":"Vi erbjuder alltid v\u00e5ra kvalitetstj\u00e4nster med en prisgaranti p\u00e5 flyttst\u00e4dning. Vi p\u00e5 st\u00e4dcompaniet har flyttst\u00e4dning i hela Sverige. V\u00e4lkomna","robots":{"index":"index","follow":"follow","max-snippet":"max-snippet:-1","max-image-preview":"max-image-preview:large","max-video-preview":"max-video-preview:-1"},"canonical":"https:\/\/www.stadcompaniet.se\/stockholm\/prisgaranti\/","og_locale":"sv_SE","og_type":"article","og_title":"Prisgaranti p\u00e5 flyttst\u00e4d - St\u00e4dcompaniet","og_description":"Vi erbjuder alltid v\u00e5ra kvalitetstj\u00e4nster med en prisgaranti p\u00e5 flyttst\u00e4dning. Vi p\u00e5 st\u00e4dcompaniet har flyttst\u00e4dning i hela Sverige. V\u00e4lkomna","og_url":"https:\/\/www.stadcompaniet.se\/stockholm\/prisgaranti\/","og_site_name":"St\u00e4dcompaniet Stockholm","article_modified_time":"2024-06-04T09:18:51+00:00","twitter_card":"summary_large_image","twitter_misc":{"Ber\u00e4knad l\u00e4stid":"1 minut"},"schema":{"@context":"https:\/\/schema.org","@graph":[{"@type":"WebPage","@id":"https:\/\/www.stadcompaniet.se\/stockholm\/prisgaranti\/","url":"https:\/\/www.stadcompaniet.se\/stockholm\/prisgaranti\/","name":"Prisgaranti p\u00e5 flyttst\u00e4d - St\u00e4dcompaniet","isPartOf":{"@id":"https:\/\/www.stadcompaniet.se\/stockholm\/#website"},"datePublished":"2021-11-05T09:43:08+00:00","dateModified":"2024-06-04T09:18:51+00:00","description":"Vi erbjuder alltid v\u00e5ra kvalitetstj\u00e4nster med en prisgaranti p\u00e5 flyttst\u00e4dning. Vi p\u00e5 st\u00e4dcompaniet har flyttst\u00e4dning i hela Sverige. V\u00e4lkomna","breadcrumb":{"@id":"https:\/\/www.stadcompaniet.se\/stockholm\/prisgaranti\/#breadcrumb"},"inLanguage":"sv-SE","potentialAction":[{"@type":"ReadAction","target":["https:\/\/www.stadcompaniet.se\/stockholm\/prisgaranti\/"]}]},{"@type":"BreadcrumbList","@id":"https:\/\/www.stadcompaniet.se\/stockholm\/prisgaranti\/#breadcrumb","itemListElement":[{"@type":"ListItem","position":1,"name":"Home","item":"https:\/\/www.stadcompaniet.se\/stockholm\/"},{"@type":"ListItem","position":2,"name":"Prisgaranti"}]},{"@type":"WebSite","@id":"https:\/\/www.stadcompaniet.se\/stockholm\/#website","url":"https:\/\/www.stadcompaniet.se\/stockholm\/","name":"St\u00e4dcompaniet Stockholm","description":"Din St\u00e4dfirma i Malm\u00f6 &amp; Lund","potentialAction":[{"@type":"SearchAction","target":{"@type":"EntryPoint","urlTemplate":"https:\/\/www.stadcompaniet.se\/stockholm\/?s={search_term_string}"},"query-input":{"@type":"PropertyValueSpecification","valueRequired":true,"valueName":"search_term_string"}}],"inLanguage":"sv-SE"}]}},"_links":{"self":[{"href":"https:\/\/www.stadcompaniet.se\/stockholm\/wp-json\/wp\/v2\/pages\/32590","targetHints":{"allow":["GET"]}}],"collection":[{"href":"https:\/\/www.stadcompaniet.se\/stockholm\/wp-json\/wp\/v2\/pages"}],"about":[{"href":"https:\/\/www.stadcompaniet.se\/stockholm\/wp-json\/wp\/v2\/types\/page"}],"author":[{"embeddable":true,"href":"https:\/\/www.stadcompaniet.se\/stockholm\/wp-json\/wp\/v2\/users\/6"}],"replies":[{"embeddable":true,"href":"https:\/\/www.stadcompaniet.se\/stockholm\/wp-json\/wp\/v2\/comments?post=32590"}],"version-history":[{"count":8,"href":"https:\/\/www.stadcompaniet.se\/stockholm\/wp-json\/wp\/v2\/pages\/32590\/revisions"}],"predecessor-version":[{"id":34922,"href":"https:\/\/www.stadcompaniet.se\/stockholm\/wp-json\/wp\/v2\/pages\/32590\/revisions\/34922"}],"wp:attachment":[{"href":"https:\/\/www.stadcompaniet.se\/stockholm\/wp-json\/wp\/v2\/media?parent=32590"}],"curies":[{"name":"wp","href":"https:\/\/api.w.org\/{rel}","templated":true}]}}