{"id":3,"date":"2019-12-09T10:17:20","date_gmt":"2019-12-09T09:17:20","guid":{"rendered":"https:\/\/stadcompaniet.se\/malmo\/?page_id=3"},"modified":"2023-11-22T05:29:50","modified_gmt":"2023-11-22T04:29:50","slug":"integritetspolicy","status":"publish","type":"page","link":"https:\/\/www.stadcompaniet.se\/stockholm\/integritetspolicy\/","title":{"rendered":"Integritetspolicy"},"content":{"rendered":"<p>[et_pb_section fb_built=&#8221;1&#8243; _builder_version=&#8221;4.23.1&#8243; _module_preset=&#8221;df85da34-3d20-462f-a737-a4ca3f755f72&#8243; bottom_divider_color=&#8221;#FFFFFF&#8221; hover_enabled=&#8221;0&#8243; global_colors_info=&#8221;{}&#8221; title_text=&#8221;Pears in bowl on modern table&#8221; background_image=&#8221;https:\/\/stadcompaniet.se\/malmo\/wp-content\/uploads\/sites\/52\/2023\/11\/Kontakta-oss.jpg&#8221; sticky_enabled=&#8221;0&#8243;][et_pb_row _builder_version=&#8221;4.23.1&#8243; _module_preset=&#8221;5aad9bbc-600c-4a2f-bf97-e92dbb28f5cb&#8221; global_colors_info=&#8221;{}&#8221;][et_pb_column type=&#8221;4_4&#8243; _builder_version=&#8221;4.23.1&#8243; _module_preset=&#8221;default&#8221; global_colors_info=&#8221;{}&#8221;][et_pb_text admin_label=&#8221;Title&#8221; _builder_version=&#8221;4.23.1&#8243; _module_preset=&#8221;9bb8271f-80e7-4d24-a555-79c1876f56e8&#8243; global_colors_info=&#8221;%91%93&#8243;]<\/p>\n<h1>Integritetspolicy<\/h1>\n<p>[\/et_pb_text][\/et_pb_column][\/et_pb_row][\/et_pb_section][et_pb_section fb_built=&#8221;1&#8243; _builder_version=&#8221;4.23.1&#8243; _module_preset=&#8221;default&#8221; global_colors_info=&#8221;{}&#8221;][et_pb_row _builder_version=&#8221;4.23.1&#8243; _module_preset=&#8221;default&#8221; global_colors_info=&#8221;{}&#8221;][et_pb_column type=&#8221;4_4&#8243; _builder_version=&#8221;4.23.1&#8243; _module_preset=&#8221;default&#8221; global_colors_info=&#8221;{}&#8221;][et_pb_text _builder_version=&#8221;4.23.1&#8243; _module_preset=&#8221;2d02feba-a540-4354-9700-5a4f47f5b003&#8243; global_colors_info=&#8221;{}&#8221;]<\/p>\n<h2>Integritetspolicy<\/h2>\n<h3>Behandling av personuppgifter p\u00e5 St\u00e4dCompaniet Syd AB<\/h3>\n<p>F\u00f6r oss p\u00e5 St\u00e4dCompaniet Syd AB \u00e4r personlig integritet viktigt. Vi efterstr\u00e4var alltid en h\u00f6g niv\u00e5 av dataskydd. I denna policy f\u00f6rklarar vi hur vi samlar in och anv\u00e4nder personuppgifter och h\u00e4r f\u00f6rklaras<br \/>ocks\u00e5 dina r\u00e4ttigheter.<br \/>Det \u00e4r viktigt att du tar del av och f\u00f6rst\u00e5r integritetspolicyn och att du k\u00e4nner dig trygg i v\u00e5r behandling av dina personuppgifter.<\/p>\n<p>Kontakta oss g\u00e4rna om du har fr\u00e5gor kring v\u00e5r hantering av dina personuppgifter och hur vi arbetar med integritets- och dataskydd p\u00e5 adressen nedan.<\/p>\n<h3>Personuppgiftsansvarig<\/h3>\n<p>F\u00f6r de behandlingar som sker inom St\u00e4dCompaniet Syd AB:s verksamhet \u00e4r St\u00e4dCompaniet Syd AB personuppgiftsansvarig och kan kontaktas p\u00e5 f\u00f6ljande adress:<\/p>\n<p>St\u00e4dCompaniet Syd AB<br \/>Org nr: 559426 7394<br \/>Adress: F\u00f6reningsgatan 70, 212 14 Malm\u00f6<br \/>V\u00e4xel: 020 103 111<br \/>E-post: <a href=\"mailto:info@stadcompaniet.se\">info@stadcompaniet.se<\/a><\/p>\n<h3>Vad \u00e4r en personuppgift och vad \u00e4r en behandling av personuppgifter?<\/h3>\n<p>Personuppgifter \u00e4r alla uppgifter om en levande fysisk person som direkt eller indirekt kan kopplas till den personen. Vanligt f\u00f6rekommande personuppgifter \u00e4r namn, personnummer och kontaktuppgifter, andra personuppgifter kan till exempel vara bilder och ljudupptagningar.<\/p>\n<p>Behandling av personuppgifter \u00e4r allt som sker med personuppgifterna i IT-systemen, oavsett om det handlar om mobila enheter eller datorer. Det handlar om till exempel insamling, registrering, strukturering, lagring, bearbetning och \u00f6verf\u00f6ring. I vissa fall kan \u00e4ven manuella register omfattas.<\/p>\n<h3>Vilka personuppgifter samlar vi in om dig och varf\u00f6r?<\/h3>\n<p>Personuppgifter vi behandlar \u00e4r namn, personnummer, IP-nummer, kontaktuppgifter, betalningsinformation, kreditupplysning fr\u00e5n kreditupplysningsf\u00f6retag, uppgifter om bostaden, korrespondens, uppgift om tj\u00e4nstens utf\u00f6rande.<\/p>\n<p>Vi f\u00e5r v\u00e5ra uppgifter dels fr\u00e5n dig och dels samlar vi in uppgifter utifr\u00e5n hur du anv\u00e4nder v\u00e5ra tj\u00e4nster och vi f\u00e5r \u00e4ven uppgifter fr\u00e5n andra leverant\u00f6rer.<\/p>\n<p>De uppgifter vi f\u00e5r fr\u00e5n andra leverant\u00f6rer \u00e4r det vi kallar f\u00f6r s.k. uppdragsf\u00f6rfr\u00e5gningar fr\u00e5n f\u00f6retag som du kontaktat f\u00f6r att efterfr\u00e5ga tj\u00e4nsten.<\/p>\n<p>Vi behandlar dina personuppgifter f\u00f6r att kunna kontakta dig och erbjuda v\u00e5ra tj\u00e4nster. Vi vill kunna erbjuda dig som potentiell kund en anpassad tj\u00e4nst och b\u00e4sta m\u00f6jliga kvalit\u00e9, f\u00f6r att g\u00f6ra detta m\u00e5ste vi inh\u00e4mta relevanta uppgifter f\u00f6r uppdragets utf\u00f6rande. Bland annat m\u00e5ste vi genomf\u00f6ra identifikation, \u00e5lderskontroll samt g\u00f6ra en adresskontroll. Dessutom m\u00e5ste vi vidarebefordra n\u00f6dv\u00e4ndiga uppgifter till v\u00e5ra underleverant\u00f6rer, betaltj\u00e4nstleverant\u00f6rer och kreditupplysningsf\u00f6retag.<\/p>\n<p>F\u00f6r att vi ska kunna s\u00e4kerst\u00e4lla att du som kund f\u00e5r den b\u00e4st anpassade tj\u00e4nsten m\u00e5ste vi hantera bokningar, liksom om- och avbokningar. Vi m\u00e5ste \u00e4ven hantera utskick av bokningsbekr\u00e4ftelser samt all kommunikation kring sj\u00e4lva bokningen. Bland annat m\u00e5ste vi hantera namn och kontaktuppgifter f\u00f6r detta \u00e4ndam\u00e5l.<\/p>\n<h3>Vad \u00e4r cookies och hur anv\u00e4nds det av oss?<\/h3>\n<p>P\u00e5 v\u00e5r hemsida f\u00f6rekommer anv\u00e4ndning av cookies. En cookie \u00e4r en textfil som sparas ned till din enhet, s\u00e5 att hemsidan fram\u00f6ver kan k\u00e4nna igen din enhet. Cookien inneh\u00e5ller ingen personinformation. Det finns tv\u00e5 typer av cookies tempor\u00e4ra och permanenta. Permanenta cookies lagras som en fil p\u00e5 din enhet under en l\u00e4ngre tid, medan sessionscookies \u00e4r endast tempor\u00e4rt placerade p\u00e5 din enhet och anv\u00e4nds bara under den<br \/>tid du surfar p\u00e5 sidan och f\u00f6rsvinner d\u00e4refter direkt. Cookies anv\u00e4nds till att ge dig som bes\u00f6kare hos www.stadcompaniet.se tillg\u00e5ng till olika funktioner. I en cookie \u00e4r det m\u00f6jligt att registrera en anv\u00e4ndares surfande och vi anv\u00e4nder cookies f\u00f6r att administrera och anpassa dina bes\u00f6k i v\u00e5ra tj\u00e4nster samt erbjuda tillg\u00e5ng till s\u00e4rskilt utvalda delar i v\u00e5ra tj\u00e4nster. Vi anv\u00e4nder \u00e4ven cookies f\u00f6r att vi ska kunna f\u00f6ra statistik \u00f6ver h\u00e4ndelser s\u00e5som registrerade offertf\u00f6rfr\u00e5gningar.<\/p>\n<h3>Personuppgiftsbitr\u00e4den<\/h3>\n<p>I en del situationer \u00e4r det n\u00f6dv\u00e4ndigt f\u00f6r oss att anlita andra parter. Ett personuppgiftsbitr\u00e4de \u00e4r ett f\u00f6retag som behandlar information f\u00f6r v\u00e5r r\u00e4kning och enligt v\u00e5ra instruktioner. Vi har personuppgiftsbitr\u00e4den som hj\u00e4lper oss med dels att utf\u00f6ra den av dig efterfr\u00e5gade tj\u00e4nsten, dels hantera betalningsl\u00f6sningar, dels utf\u00f6ra IT-tj\u00e4nster och dels hantera bokf\u00f6ring och liknande tj\u00e4nster. Vi kontrollerar personuppgiftsbitr\u00e4den f\u00f6r att s\u00e4kerst\u00e4lla att de garanterar s\u00e4kerheten och sekretessen f\u00f6r personuppgifterna.<\/p>\n<h3>Akt\u00f6rer som \u00e4r sj\u00e4lvst\u00e4ndigt personuppgiftsansvariga<\/h3>\n<p>Vi delar \u00e4ven dina personuppgifter med vissa andra akt\u00f6rer som \u00e4r sj\u00e4lvst\u00e4ndigt personuppgiftsansvariga, till exempel myndigheter som Skatteverket, n\u00e4r vi \u00e4r skyldiga att l\u00e4mna ut s\u00e5dana uppgifter med st\u00f6d av lag eller myndighetsbeslut. N\u00e4r dina personuppgifter delas med en akt\u00f6r som \u00e4r sj\u00e4lvst\u00e4ndigt personuppgiftsansvarig g\u00e4ller den organisationens integritetspolicy och personuppgiftshantering.<\/p>\n<h3>Hur l\u00e4nge sparar vi dina personuppgifter?<\/h3>\n<p>Vi sparar din data s\u00e5 l\u00e4nge som det \u00e4r n\u00f6dv\u00e4ndigt f\u00f6r att utf\u00f6ra v\u00e5ra avtalsenliga \u00e5taganden gentemot dig och endast s\u00e5 l\u00e4nge det kr\u00e4vs enligt lagstadgade lagringstider. N\u00e4r vi sparar din data f\u00f6r andra syften<br \/>\u00e4n f\u00f6r v\u00e5ra avtalsenliga \u00e5taganden, t.ex. f\u00f6r att uppfylla krav p\u00e5 bokf\u00f6ring och andra regulatoriska kapitalkrav, sparar vi dina personuppgifter s\u00e5 l\u00e4nge som det \u00e4r n\u00f6dv\u00e4ndigt och\/eller lagstadgat f\u00f6r respektive syfte. Vissa uppgifter i bokf\u00f6ringen beh\u00f6ver p\u00e5 grund av lagstiftning till exempel sparas minst sju \u00e5r.<\/p>\n<h3>Vad \u00e4r dina r\u00e4ttigheter som registrerad?<\/h3>\n<p>Som registrerad har du enligt g\u00e4llande lagstiftning ett antal r\u00e4ttigheter. Du har r\u00e4tt till att f\u00e5 ett utdrag som visar vilka personuppgifter vi har registrerade om dig. Du kan beg\u00e4ra r\u00e4ttelse av felaktiga uppgifter och i vissa fall radering av dina personuppgifter f\u00f6r de fall att denna data inte l\u00e4ngre \u00e4r n\u00f6dv\u00e4ndig f\u00f6r det syfte den blev insamlad f\u00f6r. T\u00e4nkt dock p\u00e5 att det kan finnas legala skyldigheter f\u00f6r oss som hindrar en direkt radering, t.ex. krav i bokf\u00f6rings- och skattelagstiftning.<\/p>\n<p>Vill du framf\u00f6ra synpunkter eller klagom\u00e5l till en tillsynsmyndighet eller undrar n\u00e5got annat om dina r\u00e4ttigheter kring personuppgifter som behandlas av oss ska du v\u00e4nda dig till datainspektionen som \u00e4r utsedd tillsynsmyndighet och d\u00e4rmed ansvarig f\u00f6r att \u00f6vervaka till\u00e4mpningen av lagstiftningen.<\/p>\n<h3>Kontakta oss vid fr\u00e5gor om hur vi behandlar personuppgifter<\/h3>\n<p>Om du har fr\u00e5gor om hur vi behandlar personuppgifter kontakta St\u00e4dCompaniet Syd AB som \u00e4r ansvarig f\u00f6r personuppgiftsfr\u00e5gor.<\/p>\n<p>Vi kan komma att g\u00f6ra \u00e4ndringar i v\u00e5r integritetspolicy. Den senaste versionen av integritetspolicyn finns alltid h\u00e4r p\u00e5 webbplatsen.<\/p>\n<p>[\/et_pb_text][\/et_pb_column][\/et_pb_row][\/et_pb_section]<\/p>\n","protected":false},"excerpt":{"rendered":"<p>IntegritetspolicyIntegritetspolicy Behandling av personuppgifter p\u00e5 St\u00e4dCompaniet Syd AB F\u00f6r oss p\u00e5 St\u00e4dCompaniet Syd AB \u00e4r personlig integritet viktigt. Vi efterstr\u00e4var alltid en h\u00f6g niv\u00e5 av dataskydd. I denna policy f\u00f6rklarar vi hur vi samlar in och anv\u00e4nder personuppgifter och h\u00e4r f\u00f6rklarasocks\u00e5 dina r\u00e4ttigheter.Det \u00e4r viktigt att du tar del av och f\u00f6rst\u00e5r integritetspolicyn och att [&hellip;]<\/p>\n","protected":false},"author":6,"featured_media":0,"parent":0,"menu_order":0,"comment_status":"closed","ping_status":"open","template":"","meta":{"_et_pb_use_builder":"on","_et_pb_old_content":"","_et_gb_content_width":"","footnotes":""},"class_list":["post-3","page","type-page","status-publish","hentry"],"yoast_head":"<!-- This site is optimized with the Yoast SEO plugin v27.2 - https:\/\/yoast.com\/product\/yoast-seo-wordpress\/ -->\n<title>Integritetspolicy - St\u00e4dcompaniet Stockholm<\/title>\n<meta name=\"robots\" content=\"noindex, follow\" \/>\n<meta property=\"og:locale\" content=\"sv_SE\" \/>\n<meta property=\"og:type\" content=\"article\" \/>\n<meta property=\"og:title\" content=\"Integritetspolicy - St\u00e4dcompaniet Stockholm\" \/>\n<meta property=\"og:description\" content=\"IntegritetspolicyIntegritetspolicy Behandling av personuppgifter p\u00e5 St\u00e4dCompaniet Syd AB F\u00f6r oss p\u00e5 St\u00e4dCompaniet Syd AB \u00e4r personlig integritet viktigt. Vi efterstr\u00e4var alltid en h\u00f6g niv\u00e5 av dataskydd. I denna policy f\u00f6rklarar vi hur vi samlar in och anv\u00e4nder personuppgifter och h\u00e4r f\u00f6rklarasocks\u00e5 dina r\u00e4ttigheter.Det \u00e4r viktigt att du tar del av och f\u00f6rst\u00e5r integritetspolicyn och att [&hellip;]\" \/>\n<meta property=\"og:url\" content=\"https:\/\/www.stadcompaniet.se\/stockholm\/integritetspolicy\/\" \/>\n<meta property=\"og:site_name\" content=\"St\u00e4dcompaniet Stockholm\" \/>\n<meta property=\"article:modified_time\" content=\"2023-11-22T04:29:50+00:00\" \/>\n<meta name=\"twitter:card\" content=\"summary_large_image\" \/>\n<meta name=\"twitter:label1\" content=\"Ber\u00e4knad l\u00e4stid\" \/>\n\t<meta name=\"twitter:data1\" content=\"5 minuter\" \/>\n<script type=\"application\/ld+json\" class=\"yoast-schema-graph\">{\"@context\":\"https:\/\/schema.org\",\"@graph\":[{\"@type\":\"WebPage\",\"@id\":\"https:\/\/www.stadcompaniet.se\/stockholm\/integritetspolicy\/\",\"url\":\"https:\/\/www.stadcompaniet.se\/stockholm\/integritetspolicy\/\",\"name\":\"Integritetspolicy - St\u00e4dcompaniet Stockholm\",\"isPartOf\":{\"@id\":\"https:\/\/www.stadcompaniet.se\/stockholm\/#website\"},\"datePublished\":\"2019-12-09T09:17:20+00:00\",\"dateModified\":\"2023-11-22T04:29:50+00:00\",\"breadcrumb\":{\"@id\":\"https:\/\/www.stadcompaniet.se\/stockholm\/integritetspolicy\/#breadcrumb\"},\"inLanguage\":\"sv-SE\",\"potentialAction\":[{\"@type\":\"ReadAction\",\"target\":[\"https:\/\/www.stadcompaniet.se\/stockholm\/integritetspolicy\/\"]}]},{\"@type\":\"BreadcrumbList\",\"@id\":\"https:\/\/www.stadcompaniet.se\/stockholm\/integritetspolicy\/#breadcrumb\",\"itemListElement\":[{\"@type\":\"ListItem\",\"position\":1,\"name\":\"Home\",\"item\":\"https:\/\/www.stadcompaniet.se\/stockholm\/\"},{\"@type\":\"ListItem\",\"position\":2,\"name\":\"Integritetspolicy\"}]},{\"@type\":\"WebSite\",\"@id\":\"https:\/\/www.stadcompaniet.se\/stockholm\/#website\",\"url\":\"https:\/\/www.stadcompaniet.se\/stockholm\/\",\"name\":\"St\u00e4dcompaniet Stockholm\",\"description\":\"Din St\u00e4dfirma i Malm\u00f6 &amp; Lund\",\"potentialAction\":[{\"@type\":\"SearchAction\",\"target\":{\"@type\":\"EntryPoint\",\"urlTemplate\":\"https:\/\/www.stadcompaniet.se\/stockholm\/?s={search_term_string}\"},\"query-input\":{\"@type\":\"PropertyValueSpecification\",\"valueRequired\":true,\"valueName\":\"search_term_string\"}}],\"inLanguage\":\"sv-SE\"}]}<\/script>\n<!-- \/ Yoast SEO plugin. -->","yoast_head_json":{"title":"Integritetspolicy - St\u00e4dcompaniet Stockholm","robots":{"index":"noindex","follow":"follow"},"og_locale":"sv_SE","og_type":"article","og_title":"Integritetspolicy - St\u00e4dcompaniet Stockholm","og_description":"IntegritetspolicyIntegritetspolicy Behandling av personuppgifter p\u00e5 St\u00e4dCompaniet Syd AB F\u00f6r oss p\u00e5 St\u00e4dCompaniet Syd AB \u00e4r personlig integritet viktigt. Vi efterstr\u00e4var alltid en h\u00f6g niv\u00e5 av dataskydd. I denna policy f\u00f6rklarar vi hur vi samlar in och anv\u00e4nder personuppgifter och h\u00e4r f\u00f6rklarasocks\u00e5 dina r\u00e4ttigheter.Det \u00e4r viktigt att du tar del av och f\u00f6rst\u00e5r integritetspolicyn och att [&hellip;]","og_url":"https:\/\/www.stadcompaniet.se\/stockholm\/integritetspolicy\/","og_site_name":"St\u00e4dcompaniet Stockholm","article_modified_time":"2023-11-22T04:29:50+00:00","twitter_card":"summary_large_image","twitter_misc":{"Ber\u00e4knad l\u00e4stid":"5 minuter"},"schema":{"@context":"https:\/\/schema.org","@graph":[{"@type":"WebPage","@id":"https:\/\/www.stadcompaniet.se\/stockholm\/integritetspolicy\/","url":"https:\/\/www.stadcompaniet.se\/stockholm\/integritetspolicy\/","name":"Integritetspolicy - St\u00e4dcompaniet Stockholm","isPartOf":{"@id":"https:\/\/www.stadcompaniet.se\/stockholm\/#website"},"datePublished":"2019-12-09T09:17:20+00:00","dateModified":"2023-11-22T04:29:50+00:00","breadcrumb":{"@id":"https:\/\/www.stadcompaniet.se\/stockholm\/integritetspolicy\/#breadcrumb"},"inLanguage":"sv-SE","potentialAction":[{"@type":"ReadAction","target":["https:\/\/www.stadcompaniet.se\/stockholm\/integritetspolicy\/"]}]},{"@type":"BreadcrumbList","@id":"https:\/\/www.stadcompaniet.se\/stockholm\/integritetspolicy\/#breadcrumb","itemListElement":[{"@type":"ListItem","position":1,"name":"Home","item":"https:\/\/www.stadcompaniet.se\/stockholm\/"},{"@type":"ListItem","position":2,"name":"Integritetspolicy"}]},{"@type":"WebSite","@id":"https:\/\/www.stadcompaniet.se\/stockholm\/#website","url":"https:\/\/www.stadcompaniet.se\/stockholm\/","name":"St\u00e4dcompaniet Stockholm","description":"Din St\u00e4dfirma i Malm\u00f6 &amp; Lund","potentialAction":[{"@type":"SearchAction","target":{"@type":"EntryPoint","urlTemplate":"https:\/\/www.stadcompaniet.se\/stockholm\/?s={search_term_string}"},"query-input":{"@type":"PropertyValueSpecification","valueRequired":true,"valueName":"search_term_string"}}],"inLanguage":"sv-SE"}]}},"_links":{"self":[{"href":"https:\/\/www.stadcompaniet.se\/stockholm\/wp-json\/wp\/v2\/pages\/3","targetHints":{"allow":["GET"]}}],"collection":[{"href":"https:\/\/www.stadcompaniet.se\/stockholm\/wp-json\/wp\/v2\/pages"}],"about":[{"href":"https:\/\/www.stadcompaniet.se\/stockholm\/wp-json\/wp\/v2\/types\/page"}],"author":[{"embeddable":true,"href":"https:\/\/www.stadcompaniet.se\/stockholm\/wp-json\/wp\/v2\/users\/6"}],"replies":[{"embeddable":true,"href":"https:\/\/www.stadcompaniet.se\/stockholm\/wp-json\/wp\/v2\/comments?post=3"}],"version-history":[{"count":7,"href":"https:\/\/www.stadcompaniet.se\/stockholm\/wp-json\/wp\/v2\/pages\/3\/revisions"}],"predecessor-version":[{"id":34498,"href":"https:\/\/www.stadcompaniet.se\/stockholm\/wp-json\/wp\/v2\/pages\/3\/revisions\/34498"}],"wp:attachment":[{"href":"https:\/\/www.stadcompaniet.se\/stockholm\/wp-json\/wp\/v2\/media?parent=3"}],"curies":[{"name":"wp","href":"https:\/\/api.w.org\/{rel}","templated":true}]}}