{"id":31491,"date":"2021-03-25T15:55:22","date_gmt":"2021-03-25T14:55:22","guid":{"rendered":"https:\/\/stadcompaniet.se\/hassleholm\/?page_id=31491"},"modified":"2024-01-12T14:01:11","modified_gmt":"2024-01-12T13:01:11","slug":"bokningsvillkor","status":"publish","type":"page","link":"https:\/\/www.stadcompaniet.se\/hassleholm\/bokningsvillkor\/","title":{"rendered":"Bokningsvillkor"},"content":{"rendered":"<p>[et_pb_section fb_built=&#8221;1&#8243; _builder_version=&#8221;4.23.1&#8243; _module_preset=&#8221;df85da34-3d20-462f-a737-a4ca3f755f72&#8243; background_image=&#8221;https:\/\/stadcompaniet.se\/hassleholm\/wp-content\/uploads\/sites\/49\/2023\/11\/Kontakta-oss.jpg&#8221; bottom_divider_color=&#8221;#FFFFFF&#8221; global_colors_info=&#8221;{}&#8221;][et_pb_row _builder_version=&#8221;4.23.1&#8243; _module_preset=&#8221;5aad9bbc-600c-4a2f-bf97-e92dbb28f5cb&#8221; global_colors_info=&#8221;{}&#8221;][et_pb_column type=&#8221;4_4&#8243; _builder_version=&#8221;4.23.1&#8243; _module_preset=&#8221;default&#8221; global_colors_info=&#8221;{}&#8221;][et_pb_text admin_label=&#8221;Title&#8221; _builder_version=&#8221;4.23.1&#8243; _module_preset=&#8221;9bb8271f-80e7-4d24-a555-79c1876f56e8&#8243; global_colors_info=&#8221;%91%93&#8243;]<\/p>\n<h1>Bokningsvillkor<\/h1>\n<p>[\/et_pb_text][\/et_pb_column][\/et_pb_row][\/et_pb_section][et_pb_section fb_built=&#8221;1&#8243; _builder_version=&#8221;4.23.1&#8243; _module_preset=&#8221;default&#8221; global_colors_info=&#8221;{}&#8221;][et_pb_row _builder_version=&#8221;4.23.1&#8243; _module_preset=&#8221;default&#8221; global_colors_info=&#8221;{}&#8221;][et_pb_column type=&#8221;4_4&#8243; _builder_version=&#8221;4.23.1&#8243; _module_preset=&#8221;default&#8221; global_colors_info=&#8221;{}&#8221;][et_pb_text _builder_version=&#8221;4.23.1&#8243; _module_preset=&#8221;2d02feba-a540-4354-9700-5a4f47f5b003&#8243; global_colors_info=&#8221;{}&#8221;]<\/p>\n<h2>Bokningsvillkor p\u00e5 St\u00e4dCompaniet Syd AB<\/h2>\n<p>1) St\u00e4dCompaniet Syd AB kontaktar er helgfria dagar inom 24 timmar f\u00f6r att bekr\u00e4fta bokningen.<\/p>\n<p>2) Bokningen m\u00e5ste ske senast 24 h innan sj\u00e4lva st\u00e4dtillf\u00e4llet.<\/p>\n<p>3) Avbokning eller ombokning ska ske minst sju dagar innan bokad tid. I annat fall \u00e4r tiden f\u00f6rbrukad och kommer att debiteras. Avbokningar m\u00e5ste ske p\u00e5 vardagar och ska meddelas till kundtj\u00e4nst via E-mail.<\/p>\n<p>4) Vid f\u00f6rhinder f\u00f6rbeh\u00e5ller vi oss r\u00e4tten att kunna avboka eller \u00e4ndra tid\/dag p\u00e5 grund av sjukdom eller andra of\u00f6rutsedda problem.<\/p>\n<p>5) Samtliga priser f\u00f6r privat personer \u00e4r efter skattereduktion. Parkeringskostnad tillkommer ifall det f\u00f6rekommer.<\/p>\n<p>6) Om arbetet utf\u00f6rs under en helgdag tillkommer en extra avgift av 35% efter Rut-avdrag p\u00e5 det totala priset.<\/p>\n<p>7) Uppdraget ska betalas direkt med swish efter utf\u00f6rt arbete. Med best\u00e4llarens bokningsnummer som betalningsreferens om inget annat \u00e4r \u00f6verenskommet. Om detta inte sker skickas automatiskt en faktura ut. Vid faktura tillkommer en aviseringsavgift om 45 kronor per avi. Vid betalningsf\u00f6rel\u00e4ggande alt. skuld hos kronofogden myndigheter, ska alltid betalningen ske vid p\u00e5b\u00f6rjat uppdrag.<\/p>\n<p>8) Efter f\u00f6rfallodagen debiteras dr\u00f6jsm\u00e5lsr\u00e4nta enligt lag med 8% r\u00e4nta per m\u00e5nad.<\/p>\n<p>9) Vi tar ej emot kontanter n\u00e4r vi utf\u00f6rt arbetet. Vid Swishbetalning skickas kvittens till dig via e-post. Ditt personnummer anv\u00e4nds f\u00f6r RUT-avdraget och en minikreditcheck vid bokning av tj\u00e4nst. Det p\u00e5verkar inte din kreditv\u00e4rdighet utan \u00e4r endast intern.<\/p>\n<p>10) Garanti. Vi l\u00e4mnar garanti p\u00e5 allt vi g\u00f6r. Skulle ni mot f\u00f6rmodan inte vara n\u00f6jda med er st\u00e4d \/ servicetj\u00e4nst m\u00e5ste garantist\u00e4d \u00e5beropas inom tio dagar efter utf\u00f6randet. D\u00e5 g\u00f6r vi om eller \u00e5tg\u00e4rdar jobbet kostnadsfritt.<\/p>\n<p>11) Ifall det inte \u00e4r alla rum\/f\u00f6nster som skall st\u00e4das\/putsas skall best\u00e4llaren informera St\u00e4dCompaniet vid ankomst vilka rum\/f\u00f6nster som skall st\u00e4das, i annat fall st\u00e4dar\/putsar vi samtliga rum\/f\u00f6nster och debiterar.<\/p>\n<p>12) Kunden \u00e4r skyldig att informera innan p\u00e5b\u00f6rjat arbete ifall det finns trasiga saker\/f\u00f6nster eller andra problem\/f\u00f6nster som inte g\u00e5r att \u00f6ppna eller b\u00f6r \u00f6ppnas.<\/p>\n<p>13) I det fall tvist uppkommer ska parterna f\u00f6retr\u00e4desvis f\u00f6rs\u00f6ka l\u00f6sa den sinsemellan. Lyckas inte detta ska tvisten pr\u00f6vas av Allm\u00e4nna reklamations-n\u00e4mnden eller svensk domstol.<\/p>\n<p>14) <span>Priset \u201dnormalt skick\u201d anses vara ytor som st\u00e4dats minst en g\u00e5ng i m\u00e5naden. \u201dNormalt skick\u201d g\u00e4ller endast om det ej finns extra sv\u00e5righeter som t.ex. nikotinfl\u00e4ckar, ingrodd smuts p\u00e5 golv, k\u00f6k, badrum etc. I annat fall f\u00f6rbeh\u00e5ller vi oss r\u00e4tten att \u00e4ndra priset. Detta bed\u00f6ms av personal p\u00e5 plats.<\/span><\/p>\n<p>15) F\u00f6nsterputsning ing\u00e5r in\/utsida. Mellan f\u00f6nster tillkommer en separat avgift p\u00e5 50kr\/f\u00f6nster efter Rut-avdrag.<\/p>\n<p>16) Vid f\u00f6nsterputsning av balkong\/uterum tillkommer en separat avgift f\u00f6r liten 500kr alt. stor 750kr efter Rut- avdrag.<\/p>\n<p>17) St\u00e4dCompaniet tillhandah\u00e5ller material och utrustning f\u00f6r st\u00e4dningen.<\/p>\n<p>18) Rut-avdrag g\u00e4ller icke f\u00f6r f\u00f6retag eller d\u00f6dsbo, utan endast privatpersoner.<\/p>\n<p>19) Kunden \u00e4r sj\u00e4lv ansvarig f\u00f6r att se till att kunden\/ best\u00e4llaren \u00e4r ber\u00e4ttigad till skattereduktion f\u00f6r husarbeten enligt RUT. Om kunden\/best\u00e4llaren f\u00e5r avslag fr\u00e5n Skatteverket f\u00f6r utbetalning av skattereduktionen \u00e4r kunden\/best\u00e4llaren skyldig att betala hela kostnaden f\u00f6r st\u00e4dningen till St\u00e4dCompaniet.<\/p>\n<p>[\/et_pb_text][\/et_pb_column][\/et_pb_row][\/et_pb_section]<\/p>\n","protected":false},"excerpt":{"rendered":"<p>BokningsvillkorBokningsvillkor p\u00e5 St\u00e4dCompaniet Syd AB 1) St\u00e4dCompaniet Syd AB kontaktar er helgfria dagar inom 24 timmar f\u00f6r att bekr\u00e4fta bokningen. 2) Bokningen m\u00e5ste ske senast 24 h innan sj\u00e4lva st\u00e4dtillf\u00e4llet. 3) Avbokning eller ombokning ska ske minst sju dagar innan bokad tid. I annat fall \u00e4r tiden f\u00f6rbrukad och kommer att debiteras. Avbokningar m\u00e5ste ske [&hellip;]<\/p>\n","protected":false},"author":6,"featured_media":0,"parent":0,"menu_order":0,"comment_status":"closed","ping_status":"closed","template":"","meta":{"_et_pb_use_builder":"on","_et_pb_old_content":"","_et_gb_content_width":"","footnotes":""},"class_list":["post-31491","page","type-page","status-publish","hentry"],"yoast_head":"<!-- This site is optimized with the Yoast SEO plugin v27.2 - https:\/\/yoast.com\/product\/yoast-seo-wordpress\/ -->\n<title>Bokningsvillkor | St\u00e4dcompaniet H\u00e4ssleholm<\/title>\n<meta name=\"robots\" content=\"index, follow, max-snippet:-1, max-image-preview:large, max-video-preview:-1\" \/>\n<link rel=\"canonical\" href=\"https:\/\/www.stadcompaniet.se\/hassleholm\/bokningsvillkor\/\" \/>\n<meta property=\"og:locale\" content=\"sv_SE\" \/>\n<meta property=\"og:type\" content=\"article\" \/>\n<meta property=\"og:title\" content=\"Bokningsvillkor | St\u00e4dcompaniet H\u00e4ssleholm\" \/>\n<meta property=\"og:description\" content=\"BokningsvillkorBokningsvillkor p\u00e5 St\u00e4dCompaniet Syd AB 1) St\u00e4dCompaniet Syd AB kontaktar er helgfria dagar inom 24 timmar f\u00f6r att bekr\u00e4fta bokningen. 2) Bokningen m\u00e5ste ske senast 24 h innan sj\u00e4lva st\u00e4dtillf\u00e4llet. 3) Avbokning eller ombokning ska ske minst sju dagar innan bokad tid. I annat fall \u00e4r tiden f\u00f6rbrukad och kommer att debiteras. Avbokningar m\u00e5ste ske [&hellip;]\" \/>\n<meta property=\"og:url\" content=\"https:\/\/www.stadcompaniet.se\/hassleholm\/bokningsvillkor\/\" \/>\n<meta property=\"og:site_name\" content=\"St\u00e4dcompaniet H\u00e4ssleholm\" \/>\n<meta property=\"article:modified_time\" content=\"2024-01-12T13:01:11+00:00\" \/>\n<meta name=\"twitter:card\" content=\"summary_large_image\" \/>\n<meta name=\"twitter:label1\" content=\"Ber\u00e4knad l\u00e4stid\" \/>\n\t<meta name=\"twitter:data1\" content=\"3 minuter\" \/>\n<script type=\"application\/ld+json\" class=\"yoast-schema-graph\">{\"@context\":\"https:\/\/schema.org\",\"@graph\":[{\"@type\":\"WebPage\",\"@id\":\"https:\/\/www.stadcompaniet.se\/hassleholm\/bokningsvillkor\/\",\"url\":\"https:\/\/www.stadcompaniet.se\/hassleholm\/bokningsvillkor\/\",\"name\":\"Bokningsvillkor | St\u00e4dcompaniet H\u00e4ssleholm\",\"isPartOf\":{\"@id\":\"https:\/\/www.stadcompaniet.se\/hassleholm\/#website\"},\"datePublished\":\"2021-03-25T14:55:22+00:00\",\"dateModified\":\"2024-01-12T13:01:11+00:00\",\"breadcrumb\":{\"@id\":\"https:\/\/www.stadcompaniet.se\/hassleholm\/bokningsvillkor\/#breadcrumb\"},\"inLanguage\":\"sv-SE\",\"potentialAction\":[{\"@type\":\"ReadAction\",\"target\":[\"https:\/\/www.stadcompaniet.se\/hassleholm\/bokningsvillkor\/\"]}]},{\"@type\":\"BreadcrumbList\",\"@id\":\"https:\/\/www.stadcompaniet.se\/hassleholm\/bokningsvillkor\/#breadcrumb\",\"itemListElement\":[{\"@type\":\"ListItem\",\"position\":1,\"name\":\"Home\",\"item\":\"https:\/\/www.stadcompaniet.se\/hassleholm\/\"},{\"@type\":\"ListItem\",\"position\":2,\"name\":\"Bokningsvillkor\"}]},{\"@type\":\"WebSite\",\"@id\":\"https:\/\/www.stadcompaniet.se\/hassleholm\/#website\",\"url\":\"https:\/\/www.stadcompaniet.se\/hassleholm\/\",\"name\":\"St\u00e4dcompaniet H\u00e4ssleholm\",\"description\":\"Din St\u00e4dfirma i H\u00e4ssleholm &amp; H\u00e4ssleholm\",\"potentialAction\":[{\"@type\":\"SearchAction\",\"target\":{\"@type\":\"EntryPoint\",\"urlTemplate\":\"https:\/\/www.stadcompaniet.se\/hassleholm\/?s={search_term_string}\"},\"query-input\":{\"@type\":\"PropertyValueSpecification\",\"valueRequired\":true,\"valueName\":\"search_term_string\"}}],\"inLanguage\":\"sv-SE\"}]}<\/script>\n<!-- \/ Yoast SEO plugin. -->","yoast_head_json":{"title":"Bokningsvillkor | St\u00e4dcompaniet H\u00e4ssleholm","robots":{"index":"index","follow":"follow","max-snippet":"max-snippet:-1","max-image-preview":"max-image-preview:large","max-video-preview":"max-video-preview:-1"},"canonical":"https:\/\/www.stadcompaniet.se\/hassleholm\/bokningsvillkor\/","og_locale":"sv_SE","og_type":"article","og_title":"Bokningsvillkor | St\u00e4dcompaniet H\u00e4ssleholm","og_description":"BokningsvillkorBokningsvillkor p\u00e5 St\u00e4dCompaniet Syd AB 1) St\u00e4dCompaniet Syd AB kontaktar er helgfria dagar inom 24 timmar f\u00f6r att bekr\u00e4fta bokningen. 2) Bokningen m\u00e5ste ske senast 24 h innan sj\u00e4lva st\u00e4dtillf\u00e4llet. 3) Avbokning eller ombokning ska ske minst sju dagar innan bokad tid. I annat fall \u00e4r tiden f\u00f6rbrukad och kommer att debiteras. Avbokningar m\u00e5ste ske [&hellip;]","og_url":"https:\/\/www.stadcompaniet.se\/hassleholm\/bokningsvillkor\/","og_site_name":"St\u00e4dcompaniet H\u00e4ssleholm","article_modified_time":"2024-01-12T13:01:11+00:00","twitter_card":"summary_large_image","twitter_misc":{"Ber\u00e4knad l\u00e4stid":"3 minuter"},"schema":{"@context":"https:\/\/schema.org","@graph":[{"@type":"WebPage","@id":"https:\/\/www.stadcompaniet.se\/hassleholm\/bokningsvillkor\/","url":"https:\/\/www.stadcompaniet.se\/hassleholm\/bokningsvillkor\/","name":"Bokningsvillkor | St\u00e4dcompaniet H\u00e4ssleholm","isPartOf":{"@id":"https:\/\/www.stadcompaniet.se\/hassleholm\/#website"},"datePublished":"2021-03-25T14:55:22+00:00","dateModified":"2024-01-12T13:01:11+00:00","breadcrumb":{"@id":"https:\/\/www.stadcompaniet.se\/hassleholm\/bokningsvillkor\/#breadcrumb"},"inLanguage":"sv-SE","potentialAction":[{"@type":"ReadAction","target":["https:\/\/www.stadcompaniet.se\/hassleholm\/bokningsvillkor\/"]}]},{"@type":"BreadcrumbList","@id":"https:\/\/www.stadcompaniet.se\/hassleholm\/bokningsvillkor\/#breadcrumb","itemListElement":[{"@type":"ListItem","position":1,"name":"Home","item":"https:\/\/www.stadcompaniet.se\/hassleholm\/"},{"@type":"ListItem","position":2,"name":"Bokningsvillkor"}]},{"@type":"WebSite","@id":"https:\/\/www.stadcompaniet.se\/hassleholm\/#website","url":"https:\/\/www.stadcompaniet.se\/hassleholm\/","name":"St\u00e4dcompaniet H\u00e4ssleholm","description":"Din St\u00e4dfirma i H\u00e4ssleholm &amp; H\u00e4ssleholm","potentialAction":[{"@type":"SearchAction","target":{"@type":"EntryPoint","urlTemplate":"https:\/\/www.stadcompaniet.se\/hassleholm\/?s={search_term_string}"},"query-input":{"@type":"PropertyValueSpecification","valueRequired":true,"valueName":"search_term_string"}}],"inLanguage":"sv-SE"}]}},"_links":{"self":[{"href":"https:\/\/www.stadcompaniet.se\/hassleholm\/wp-json\/wp\/v2\/pages\/31491","targetHints":{"allow":["GET"]}}],"collection":[{"href":"https:\/\/www.stadcompaniet.se\/hassleholm\/wp-json\/wp\/v2\/pages"}],"about":[{"href":"https:\/\/www.stadcompaniet.se\/hassleholm\/wp-json\/wp\/v2\/types\/page"}],"author":[{"embeddable":true,"href":"https:\/\/www.stadcompaniet.se\/hassleholm\/wp-json\/wp\/v2\/users\/6"}],"replies":[{"embeddable":true,"href":"https:\/\/www.stadcompaniet.se\/hassleholm\/wp-json\/wp\/v2\/comments?post=31491"}],"version-history":[{"count":10,"href":"https:\/\/www.stadcompaniet.se\/hassleholm\/wp-json\/wp\/v2\/pages\/31491\/revisions"}],"predecessor-version":[{"id":34895,"href":"https:\/\/www.stadcompaniet.se\/hassleholm\/wp-json\/wp\/v2\/pages\/31491\/revisions\/34895"}],"wp:attachment":[{"href":"https:\/\/www.stadcompaniet.se\/hassleholm\/wp-json\/wp\/v2\/media?parent=31491"}],"curies":[{"name":"wp","href":"https:\/\/api.w.org\/{rel}","templated":true}]}}